{"id":460,"date":"2017-07-03T00:52:49","date_gmt":"2017-07-03T00:52:49","guid":{"rendered":"https:\/\/www.kscranegroup.com\/?page_id=460"},"modified":"2023-10-23T05:46:10","modified_gmt":"2023-10-23T05:46:10","slug":"news","status":"publish","type":"page","link":"https:\/\/www.kscranegroup.com\/cs\/news\/","title":{"rendered":"Zpr\u00e1vy"},"content":{"rendered":"","protected":false},"excerpt":{"rendered":"Dne 10. ledna 2015 jsme vyvezli 25t LH dvounosn\u00edkov\u00fd mostov\u00fd je\u0159\u00e1b \uff06 p\u0159izp\u016fsobenou ocelovou konstrukci do Nig\u00e9rie. Tento mostov\u00fd je\u0159\u00e1b 25t bude pou\u017eit v nov\u00e9 d\u00edln\u011b na\u0161eho klienta. Vzhledem k tomu, \u017ee pod hlavn\u00edm nosn\u00edkem je stroj o v\u00fd\u0161ce 6,484 m, n\u00e1\u0161 klient m\u00e1 p\u0159\u00edsn\u00e9 po\u017eadavky na v\u00fd\u0161ku hlavn\u00edho nosn\u00edku. \u010c\u00edst v\u00edce &gt;","protected":false},"author":2,"featured_media":0,"parent":0,"menu_order":0,"comment_status":"closed","ping_status":"closed","template":"","meta":{"_acf_changed":false,"pgc_sgb_lightbox_settings":"","footnotes":""},"acf":[],"_links":{"self":[{"href":"https:\/\/www.kscranegroup.com\/cs\/wp-json\/wp\/v2\/pages\/460"}],"collection":[{"href":"https:\/\/www.kscranegroup.com\/cs\/wp-json\/wp\/v2\/pages"}],"about":[{"href":"https:\/\/www.kscranegroup.com\/cs\/wp-json\/wp\/v2\/types\/page"}],"author":[{"embeddable":true,"href":"https:\/\/www.kscranegroup.com\/cs\/wp-json\/wp\/v2\/users\/2"}],"replies":[{"embeddable":true,"href":"https:\/\/www.kscranegroup.com\/cs\/wp-json\/wp\/v2\/comments?post=460"}],"version-history":[{"count":1,"href":"https:\/\/www.kscranegroup.com\/cs\/wp-json\/wp\/v2\/pages\/460\/revisions"}],"predecessor-version":[{"id":4965,"href":"https:\/\/www.kscranegroup.com\/cs\/wp-json\/wp\/v2\/pages\/460\/revisions\/4965"}],"wp:attachment":[{"href":"https:\/\/www.kscranegroup.com\/cs\/wp-json\/wp\/v2\/media?parent=460"}],"curies":[{"name":"wp","href":"https:\/\/api.w.org\/{rel}","templated":true}]}}