{"id":460,"date":"2017-07-03T00:52:49","date_gmt":"2017-07-03T00:52:49","guid":{"rendered":"https:\/\/www.kscranegroup.com\/?page_id=460"},"modified":"2023-10-23T05:46:10","modified_gmt":"2023-10-23T05:46:10","slug":"news","status":"publish","type":"page","link":"https:\/\/www.kscranegroup.com\/da\/news\/","title":{"rendered":"Nyheder"},"content":{"rendered":"","protected":false},"excerpt":{"rendered":"Den 10. januar 2015 eksporterede vi en 25 tons LH dobbeltbj\u00e6lke overheadkran &amp; matchet st\u00e5lkonstruktion til Nigeria. Denne 25t traverskran vil blive brugt i vores kundes nye v\u00e6rksted. Da der er en 6.484m h\u00f8jde maskine under fjernlyset, har vores klient strenge krav til fjernlysets h\u00f8jde. L\u00e6s mere &gt;","protected":false},"author":2,"featured_media":0,"parent":0,"menu_order":0,"comment_status":"closed","ping_status":"closed","template":"","meta":{"_acf_changed":false,"pgc_sgb_lightbox_settings":"","footnotes":""},"acf":[],"_links":{"self":[{"href":"https:\/\/www.kscranegroup.com\/da\/wp-json\/wp\/v2\/pages\/460"}],"collection":[{"href":"https:\/\/www.kscranegroup.com\/da\/wp-json\/wp\/v2\/pages"}],"about":[{"href":"https:\/\/www.kscranegroup.com\/da\/wp-json\/wp\/v2\/types\/page"}],"author":[{"embeddable":true,"href":"https:\/\/www.kscranegroup.com\/da\/wp-json\/wp\/v2\/users\/2"}],"replies":[{"embeddable":true,"href":"https:\/\/www.kscranegroup.com\/da\/wp-json\/wp\/v2\/comments?post=460"}],"version-history":[{"count":1,"href":"https:\/\/www.kscranegroup.com\/da\/wp-json\/wp\/v2\/pages\/460\/revisions"}],"predecessor-version":[{"id":4965,"href":"https:\/\/www.kscranegroup.com\/da\/wp-json\/wp\/v2\/pages\/460\/revisions\/4965"}],"wp:attachment":[{"href":"https:\/\/www.kscranegroup.com\/da\/wp-json\/wp\/v2\/media?parent=460"}],"curies":[{"name":"wp","href":"https:\/\/api.w.org\/{rel}","templated":true}]}}