{"id":460,"date":"2017-07-03T00:52:49","date_gmt":"2017-07-03T00:52:49","guid":{"rendered":"https:\/\/www.kscranegroup.com\/?page_id=460"},"modified":"2023-10-23T05:46:10","modified_gmt":"2023-10-23T05:46:10","slug":"news","status":"publish","type":"page","link":"https:\/\/www.kscranegroup.com\/it\/news\/","title":{"rendered":"Notizie"},"content":{"rendered":"","protected":false},"excerpt":{"rendered":"Il 10 gennaio 2015, abbiamo esportato in Nigeria una gru a ponte doppia trave LH da 25 t \uff06 struttura in acciaio abbinata. Questo carroponte da 25 t verr\u00e0 utilizzato nella nuova officina del nostro cliente. Poich\u00e9 sotto la trave principale \u00e8 presente una macchina alta 6.484 m, il nostro cliente ha requisiti rigorosi relativi all&#39;altezza della trave principale.Leggi di pi\u00f9 &gt;","protected":false},"author":2,"featured_media":0,"parent":0,"menu_order":0,"comment_status":"closed","ping_status":"closed","template":"","meta":{"_acf_changed":false,"pgc_sgb_lightbox_settings":"","footnotes":""},"acf":[],"_links":{"self":[{"href":"https:\/\/www.kscranegroup.com\/it\/wp-json\/wp\/v2\/pages\/460"}],"collection":[{"href":"https:\/\/www.kscranegroup.com\/it\/wp-json\/wp\/v2\/pages"}],"about":[{"href":"https:\/\/www.kscranegroup.com\/it\/wp-json\/wp\/v2\/types\/page"}],"author":[{"embeddable":true,"href":"https:\/\/www.kscranegroup.com\/it\/wp-json\/wp\/v2\/users\/2"}],"replies":[{"embeddable":true,"href":"https:\/\/www.kscranegroup.com\/it\/wp-json\/wp\/v2\/comments?post=460"}],"version-history":[{"count":1,"href":"https:\/\/www.kscranegroup.com\/it\/wp-json\/wp\/v2\/pages\/460\/revisions"}],"predecessor-version":[{"id":4965,"href":"https:\/\/www.kscranegroup.com\/it\/wp-json\/wp\/v2\/pages\/460\/revisions\/4965"}],"wp:attachment":[{"href":"https:\/\/www.kscranegroup.com\/it\/wp-json\/wp\/v2\/media?parent=460"}],"curies":[{"name":"wp","href":"https:\/\/api.w.org\/{rel}","templated":true}]}}