{"id":460,"date":"2017-07-03T00:52:49","date_gmt":"2017-07-03T00:52:49","guid":{"rendered":"https:\/\/www.kscranegroup.com\/?page_id=460"},"modified":"2023-10-23T05:46:10","modified_gmt":"2023-10-23T05:46:10","slug":"news","status":"publish","type":"page","link":"https:\/\/www.kscranegroup.com\/pt\/news\/","title":{"rendered":"Not\u00edcias"},"content":{"rendered":"","protected":false},"excerpt":{"rendered":"Em 10 de janeiro de 2015, exportamos uma ponte rolante de viga dupla LH de 25t e estrutura de a\u00e7o correspondente para a Nig\u00e9ria. Esta ponte rolante de 25t ser\u00e1 utilizada na nova oficina do nosso cliente. Como existe uma m\u00e1quina de 6.484m de altura sob a viga principal, nosso cliente tem requisitos rigorosos quanto \u00e0 altura da viga principal.Leia mais &gt;","protected":false},"author":2,"featured_media":0,"parent":0,"menu_order":0,"comment_status":"closed","ping_status":"closed","template":"","meta":{"_acf_changed":false,"pgc_sgb_lightbox_settings":"","footnotes":""},"acf":[],"_links":{"self":[{"href":"https:\/\/www.kscranegroup.com\/pt\/wp-json\/wp\/v2\/pages\/460"}],"collection":[{"href":"https:\/\/www.kscranegroup.com\/pt\/wp-json\/wp\/v2\/pages"}],"about":[{"href":"https:\/\/www.kscranegroup.com\/pt\/wp-json\/wp\/v2\/types\/page"}],"author":[{"embeddable":true,"href":"https:\/\/www.kscranegroup.com\/pt\/wp-json\/wp\/v2\/users\/2"}],"replies":[{"embeddable":true,"href":"https:\/\/www.kscranegroup.com\/pt\/wp-json\/wp\/v2\/comments?post=460"}],"version-history":[{"count":1,"href":"https:\/\/www.kscranegroup.com\/pt\/wp-json\/wp\/v2\/pages\/460\/revisions"}],"predecessor-version":[{"id":4965,"href":"https:\/\/www.kscranegroup.com\/pt\/wp-json\/wp\/v2\/pages\/460\/revisions\/4965"}],"wp:attachment":[{"href":"https:\/\/www.kscranegroup.com\/pt\/wp-json\/wp\/v2\/media?parent=460"}],"curies":[{"name":"wp","href":"https:\/\/api.w.org\/{rel}","templated":true}]}}