{"id":460,"date":"2017-07-03T00:52:49","date_gmt":"2017-07-03T00:52:49","guid":{"rendered":"https:\/\/www.kscranegroup.com\/?page_id=460"},"modified":"2023-10-23T05:46:10","modified_gmt":"2023-10-23T05:46:10","slug":"news","status":"publish","type":"page","link":"https:\/\/www.kscranegroup.com\/tr\/news\/","title":{"rendered":"Haberler"},"content":{"rendered":"","protected":false},"excerpt":{"rendered":"10 Ocak 2015&#39;te Nijerya&#39;ya 25 tonluk LH \u00c7ift Kiri\u015fli Gezer Vin\u00e7 \uff06 uyumlu \u00e7elik yap\u0131 ihra\u00e7 ettik. Bu 25 tonluk tavan vinci m\u00fc\u015fterimizin yeni at\u00f6lyesinde kullan\u0131lacak. Ana kiri\u015fin alt\u0131nda 6.484 m y\u00fcksekli\u011finde bir makine bulundu\u011fundan, m\u00fc\u015fterimiz ana kiri\u015fin y\u00fcksekli\u011fi konusunda kat\u0131 gereksinimlere sahiptir.Daha Fazla Oku &gt;","protected":false},"author":2,"featured_media":0,"parent":0,"menu_order":0,"comment_status":"closed","ping_status":"closed","template":"","meta":{"_acf_changed":false,"pgc_sgb_lightbox_settings":"","footnotes":""},"acf":[],"_links":{"self":[{"href":"https:\/\/www.kscranegroup.com\/tr\/wp-json\/wp\/v2\/pages\/460"}],"collection":[{"href":"https:\/\/www.kscranegroup.com\/tr\/wp-json\/wp\/v2\/pages"}],"about":[{"href":"https:\/\/www.kscranegroup.com\/tr\/wp-json\/wp\/v2\/types\/page"}],"author":[{"embeddable":true,"href":"https:\/\/www.kscranegroup.com\/tr\/wp-json\/wp\/v2\/users\/2"}],"replies":[{"embeddable":true,"href":"https:\/\/www.kscranegroup.com\/tr\/wp-json\/wp\/v2\/comments?post=460"}],"version-history":[{"count":1,"href":"https:\/\/www.kscranegroup.com\/tr\/wp-json\/wp\/v2\/pages\/460\/revisions"}],"predecessor-version":[{"id":4965,"href":"https:\/\/www.kscranegroup.com\/tr\/wp-json\/wp\/v2\/pages\/460\/revisions\/4965"}],"wp:attachment":[{"href":"https:\/\/www.kscranegroup.com\/tr\/wp-json\/wp\/v2\/media?parent=460"}],"curies":[{"name":"wp","href":"https:\/\/api.w.org\/{rel}","templated":true}]}}