{"id":460,"date":"2017-07-03T00:52:49","date_gmt":"2017-07-03T00:52:49","guid":{"rendered":"https:\/\/www.kscranegroup.com\/?page_id=460"},"modified":"2023-10-23T05:46:10","modified_gmt":"2023-10-23T05:46:10","slug":"news","status":"publish","type":"page","link":"https:\/\/www.kscranegroup.com\/vi\/news\/","title":{"rendered":"Tin t\u1ee9c"},"content":{"rendered":"","protected":false},"excerpt":{"rendered":"V\u00e0o ng\u00e0y 10 th\u00e1ng 1 n\u0103m 2015, ch\u00fang t\u00f4i \u0111\u00e3 xu\u1ea5t kh\u1ea9u C\u1ea7n tr\u1ee5c d\u1ea7m \u0111\u00f4i LH 25 t\u1ea5n &amp; k\u1ebft c\u1ea5u th\u00e9p ph\u00f9 h\u1ee3p sang Nigeria. C\u1ea7n c\u1ea9u 25 t\u1ea5n n\u00e0y s\u1ebd \u0111\u01b0\u1ee3c s\u1eed d\u1ee5ng trong x\u01b0\u1edfng m\u1edbi c\u1ee7a kh\u00e1ch h\u00e0ng ch\u00fang t\u00f4i. V\u00ec c\u00f3 m\u1ed9t m\u00e1y c\u00f3 chi\u1ec1u cao 6,484m d\u01b0\u1edbi d\u1ea7m ch\u00ednh n\u00ean kh\u00e1ch h\u00e0ng c\u1ee7a ch\u00fang t\u00f4i c\u00f3 y\u00eau c\u1ea7u nghi\u00eam ng\u1eb7t v\u1ec1 chi\u1ec1u cao c\u1ee7a d\u1ea7m ch\u00ednh.\u0110\u1ecdc th\u00eam &gt;","protected":false},"author":2,"featured_media":0,"parent":0,"menu_order":0,"comment_status":"closed","ping_status":"closed","template":"","meta":{"_acf_changed":false,"pgc_sgb_lightbox_settings":"","footnotes":""},"acf":[],"_links":{"self":[{"href":"https:\/\/www.kscranegroup.com\/vi\/wp-json\/wp\/v2\/pages\/460"}],"collection":[{"href":"https:\/\/www.kscranegroup.com\/vi\/wp-json\/wp\/v2\/pages"}],"about":[{"href":"https:\/\/www.kscranegroup.com\/vi\/wp-json\/wp\/v2\/types\/page"}],"author":[{"embeddable":true,"href":"https:\/\/www.kscranegroup.com\/vi\/wp-json\/wp\/v2\/users\/2"}],"replies":[{"embeddable":true,"href":"https:\/\/www.kscranegroup.com\/vi\/wp-json\/wp\/v2\/comments?post=460"}],"version-history":[{"count":1,"href":"https:\/\/www.kscranegroup.com\/vi\/wp-json\/wp\/v2\/pages\/460\/revisions"}],"predecessor-version":[{"id":4965,"href":"https:\/\/www.kscranegroup.com\/vi\/wp-json\/wp\/v2\/pages\/460\/revisions\/4965"}],"wp:attachment":[{"href":"https:\/\/www.kscranegroup.com\/vi\/wp-json\/wp\/v2\/media?parent=460"}],"curies":[{"name":"wp","href":"https:\/\/api.w.org\/{rel}","templated":true}]}}